{"id":63459,"date":"2021-08-27T11:53:53","date_gmt":"2021-08-27T09:53:53","guid":{"rendered":"https:\/\/villarrealcf.es\/\/informacion-sobre-el-club\/"},"modified":"2026-02-11T10:28:19","modified_gmt":"2026-02-11T09:28:19","slug":"informacion-sobre-el-club","status":"publish","type":"page","link":"https:\/\/villarrealcf.es\/val\/informacion-sobre-el-club\/","title":{"rendered":"Informaci\u00f3 sobre el Club"},"content":{"protected":false,"blocks":[{"type":"text","widget":"text-editor","text":"Informaci\u00f3 sobre el Cluba. Informaci\u00f3 sobre \u00f2rgans directius i el personal del Cluba.i. Contacte:a.i.1. Direccions d\u2019email gen\u00e8riques per a dirigir-se a Presid\u00e8ncia, Futbol, M\u00e0rqueting, Manteniment i administraci\u00f3. a.i.2. Dades generals del Club.a.ii. Juntes generals celebrades durant la present temporadaa.ii.1. Junta General del 15-12-25:S\u2019aproven els comptes de la temporada 24\/25.S\u2019aprova el pressupost de la temporada 25\/26.Es cessen i nomenen els membres del Consell d\u2019Administraci\u00f3.Es modifiquen estatuts socials.a.iii. Organigrama del Club:a.iii.1. Organigrama.b. Marc legal, estructura organitzativa i patrimoni del Clubb.i. Normativa legal, institucional i estatut\u00e0ria:b.i.1. Estatuts Club veure document b.i.2. Llei 10\/1990, de 15 d\u2019octubre, de l\u2019Esport \u2013estatal-, articles 12 a 29).b.i.3. Llei 2\/2011 del 22 de mar\u00e7 de la Comunitat Valenciana.b.i.4. Reial decret 177\/1981, de 16 de gener (Clubs).b.i.5. Reial decret 1251\/1999, de 16 de juliol sobre societats an\u00f2nimes esportives.b.i.6. Reglament LaLiga de Futbol Professional: Web LaLiga.b.i.7. Reglament intern esportiu. veure document b.i.8. Reglament intern abonats i acc\u00e9s instal\u00b7lacions esportives. veure documentb.ii. Codi \u00e8tic: veure documentb.iii. El Club compta amb un \u00d2rgan de supervisi\u00f3 i control; aix\u00ed mateix, el Club t\u00e9 un Compliance Officer.b.iv. Canal de den\u00fancies davant incompliments legals, reglamentaris, estatutaris i\/o del codi \u00e8tic: cumplimiento@villarrealcf.esb.v. El Club no est\u00e0 immers en cap mena de procediment dels esmentats en la Llei concursal.b.vi. Informaci\u00f3 b\u00e0sica dels equips del Club. veure document","paragraphs":[]}],"structured":{"summary":{"text":"Informaci\u00f3 sobre el Cluba. Informaci\u00f3 sobre \u00f2rgans directius i el personal del Cluba.i. Contacte:a.i.1. Direccions d\u2019email gen\u00e8riques per a dirigir-se a Presid\u00e8ncia, Futbol, M\u00e0rqueting, Manteniment i administraci\u00f3. a.i.2. Dades generals del Club.a.ii. Juntes generals celebrades durant la present temporadaa.ii.1. Junta General del 15-12-25:S\u2019aproven els comptes de la temporada 24\/25.S\u2019aprova el pressupost de la temporada 25\/26.Es cessen i nomenen els membres del Consell d\u2019Administraci\u00f3.Es modifiquen estatuts socials.a.iii. Organigrama del Club:a.iii.1. Organigrama.b. Marc legal, estructura organitzativa i patrimoni del Clubb.i. Normativa legal, institucional i estatut\u00e0ria:b.i.1. Estatuts Club veure document b.i.2. Llei 10\/1990, de 15 d\u2019octubre, de l\u2019Esport \u2013estatal-, articles 12 a 29).b.i.3. Llei 2\/2011 del 22 de mar\u00e7 de la Comunitat Valenciana.b.i.4. Reial decret 177\/1981, de 16 de gener (Clubs).b.i.5. Reial decret 1251\/1999, de 16 de juliol sobre societats an\u00f2nimes esportives.b.i.6. Reglament LaLiga de Futbol Professional: Web LaLiga.b.i.7. Reglament intern esportiu. veure document b.i.8. Reglament intern abonats i acc\u00e9s instal\u00b7lacions esportives. veure documentb.ii. Codi \u00e8tic: veure documentb.iii. El Club compta amb un \u00d2rgan de supervisi\u00f3 i control; aix\u00ed mateix, el Club t\u00e9 un Compliance Officer.b.iv. Canal de den\u00fancies davant incompliments legals, reglamentaris, estatutaris i\/o del codi \u00e8tic: cumplimiento@villarrealcf.esb.v. El Club no est\u00e0 immers en cap mena de procediment dels esmentats en la Llei concursal.b.vi. Informaci\u00f3 b\u00e0sica dels equips del Club. veure document","headings":[],"buttons":[],"images":[],"counts":{"blocks":1,"headings":0,"texts":1,"buttons":0,"images":0},"containers":1},"sections":[{"id":"b0c7d53","type":"container","classes":["elementor-section","elementor-top-section","elementor-element","elementor-element-b0c7d53","elementor-section-boxed","elementor-section-height-default"],"title":"","text":"Informaci\u00f3 sobre el Cluba. Informaci\u00f3 sobre \u00f2rgans directius i el personal del Cluba.i. Contacte:a.i.1. Direccions d\u2019email gen\u00e8riques per a dirigir-se a Presid\u00e8ncia, Futbol, M\u00e0rqueting, Manteniment i administraci\u00f3. a.i.2. Dades generals del Club.a.ii. Juntes generals celebrades durant la present temporadaa.ii.1. Junta General del 15-12-25:S\u2019aproven els comptes de la temporada 24\/25.S\u2019aprova el pressupost de la temporada 25\/26.Es cessen i nomenen els membres del Consell d\u2019Administraci\u00f3.Es modifiquen estatuts socials.a.iii. Organigrama del Club:a.iii.1. Organigrama.b. Marc legal, estructura organitzativa i patrimoni del Clubb.i. Normativa legal, institucional i estatut\u00e0ria:b.i.1. Estatuts Club veure document b.i.2. Llei 10\/1990, de 15 d\u2019octubre, de l\u2019Esport \u2013estatal-, articles 12 a 29).b.i.3. Llei 2\/2011 del 22 de mar\u00e7 de la Comunitat Valenciana.b.i.4. Reial decret 177\/1981, de 16 de gener (Clubs).b.i.5. Reial decret 1251\/1999, de 16 de juliol sobre societats an\u00f2nimes esportives.b.i.6. Reglament LaLiga de Futbol Professional: Web LaLiga.b.i.7. Reglament intern esportiu. veure document b.i.8. Reglament intern abonats i acc\u00e9s instal\u00b7lacions esportives. veure documentb.ii. Codi \u00e8tic: veure documentb.iii. El Club compta amb un \u00d2rgan de supervisi\u00f3 i control; aix\u00ed mateix, el Club t\u00e9 un Compliance Officer.b.iv. Canal de den\u00fancies davant incompliments legals, reglamentaris, estatutaris i\/o del codi \u00e8tic: cumplimiento@villarrealcf.esb.v. El Club no est\u00e0 immers en cap mena de procediment dels esmentats en la Llei concursal.b.vi. Informaci\u00f3 b\u00e0sica dels equips del Club. veure document","headings":[],"texts":[{"type":"text","widget":"text-editor","text":"Informaci\u00f3 sobre el Cluba. Informaci\u00f3 sobre \u00f2rgans directius i el personal del Cluba.i. Contacte:a.i.1. Direccions d\u2019email gen\u00e8riques per a dirigir-se a Presid\u00e8ncia, Futbol, M\u00e0rqueting, Manteniment i administraci\u00f3. a.i.2. Dades generals del Club.a.ii. Juntes generals celebrades durant la present temporadaa.ii.1. Junta General del 15-12-25:S\u2019aproven els comptes de la temporada 24\/25.S\u2019aprova el pressupost de la temporada 25\/26.Es cessen i nomenen els membres del Consell d\u2019Administraci\u00f3.Es modifiquen estatuts socials.a.iii. Organigrama del Club:a.iii.1. Organigrama.b. Marc legal, estructura organitzativa i patrimoni del Clubb.i. Normativa legal, institucional i estatut\u00e0ria:b.i.1. Estatuts Club veure document b.i.2. Llei 10\/1990, de 15 d\u2019octubre, de l\u2019Esport \u2013estatal-, articles 12 a 29).b.i.3. Llei 2\/2011 del 22 de mar\u00e7 de la Comunitat Valenciana.b.i.4. Reial decret 177\/1981, de 16 de gener (Clubs).b.i.5. Reial decret 1251\/1999, de 16 de juliol sobre societats an\u00f2nimes esportives.b.i.6. Reglament LaLiga de Futbol Professional: Web LaLiga.b.i.7. Reglament intern esportiu. veure document b.i.8. Reglament intern abonats i acc\u00e9s instal\u00b7lacions esportives. veure documentb.ii. Codi \u00e8tic: veure documentb.iii. El Club compta amb un \u00d2rgan de supervisi\u00f3 i control; aix\u00ed mateix, el Club t\u00e9 un Compliance Officer.b.iv. Canal de den\u00fancies davant incompliments legals, reglamentaris, estatutaris i\/o del codi \u00e8tic: cumplimiento@villarrealcf.esb.v. El Club no est\u00e0 immers en cap mena de procediment dels esmentats en la Llei concursal.b.vi. Informaci\u00f3 b\u00e0sica dels equips del Club. veure document","paragraphs":[]}],"buttons":[],"images":[],"widgets":["text-editor"],"blocks":[{"type":"text","widget":"text-editor","text":"Informaci\u00f3 sobre el Cluba. Informaci\u00f3 sobre \u00f2rgans directius i el personal del Cluba.i. Contacte:a.i.1. Direccions d\u2019email gen\u00e8riques per a dirigir-se a Presid\u00e8ncia, Futbol, M\u00e0rqueting, Manteniment i administraci\u00f3. a.i.2. Dades generals del Club.a.ii. Juntes generals celebrades durant la present temporadaa.ii.1. Junta General del 15-12-25:S\u2019aproven els comptes de la temporada 24\/25.S\u2019aprova el pressupost de la temporada 25\/26.Es cessen i nomenen els membres del Consell d\u2019Administraci\u00f3.Es modifiquen estatuts socials.a.iii. Organigrama del Club:a.iii.1. Organigrama.b. Marc legal, estructura organitzativa i patrimoni del Clubb.i. Normativa legal, institucional i estatut\u00e0ria:b.i.1. Estatuts Club veure document b.i.2. Llei 10\/1990, de 15 d\u2019octubre, de l\u2019Esport \u2013estatal-, articles 12 a 29).b.i.3. Llei 2\/2011 del 22 de mar\u00e7 de la Comunitat Valenciana.b.i.4. Reial decret 177\/1981, de 16 de gener (Clubs).b.i.5. Reial decret 1251\/1999, de 16 de juliol sobre societats an\u00f2nimes esportives.b.i.6. Reglament LaLiga de Futbol Professional: Web LaLiga.b.i.7. Reglament intern esportiu. veure document b.i.8. Reglament intern abonats i acc\u00e9s instal\u00b7lacions esportives. veure documentb.ii. Codi \u00e8tic: veure documentb.iii. El Club compta amb un \u00d2rgan de supervisi\u00f3 i control; aix\u00ed mateix, el Club t\u00e9 un Compliance Officer.b.iv. Canal de den\u00fancies davant incompliments legals, reglamentaris, estatutaris i\/o del codi \u00e8tic: cumplimiento@villarrealcf.esb.v. El Club no est\u00e0 immers en cap mena de procediment dels esmentats en la Llei concursal.b.vi. Informaci\u00f3 b\u00e0sica dels equips del Club. veure document","paragraphs":[]}],"children":[]}],"hero":{"id":"b0c7d53","type":"container","classes":["elementor-section","elementor-top-section","elementor-element","elementor-element-b0c7d53","elementor-section-boxed","elementor-section-height-default"],"title":"","text":"Informaci\u00f3 sobre el Cluba. Informaci\u00f3 sobre \u00f2rgans directius i el personal del Cluba.i. Contacte:a.i.1. Direccions d\u2019email gen\u00e8riques per a dirigir-se a Presid\u00e8ncia, Futbol, M\u00e0rqueting, Manteniment i administraci\u00f3. a.i.2. Dades generals del Club.a.ii. Juntes generals celebrades durant la present temporadaa.ii.1. Junta General del 15-12-25:S\u2019aproven els comptes de la temporada 24\/25.S\u2019aprova el pressupost de la temporada 25\/26.Es cessen i nomenen els membres del Consell d\u2019Administraci\u00f3.Es modifiquen estatuts socials.a.iii. Organigrama del Club:a.iii.1. Organigrama.b. Marc legal, estructura organitzativa i patrimoni del Clubb.i. Normativa legal, institucional i estatut\u00e0ria:b.i.1. Estatuts Club veure document b.i.2. Llei 10\/1990, de 15 d\u2019octubre, de l\u2019Esport \u2013estatal-, articles 12 a 29).b.i.3. Llei 2\/2011 del 22 de mar\u00e7 de la Comunitat Valenciana.b.i.4. Reial decret 177\/1981, de 16 de gener (Clubs).b.i.5. Reial decret 1251\/1999, de 16 de juliol sobre societats an\u00f2nimes esportives.b.i.6. Reglament LaLiga de Futbol Professional: Web LaLiga.b.i.7. Reglament intern esportiu. veure document b.i.8. Reglament intern abonats i acc\u00e9s instal\u00b7lacions esportives. veure documentb.ii. Codi \u00e8tic: veure documentb.iii. El Club compta amb un \u00d2rgan de supervisi\u00f3 i control; aix\u00ed mateix, el Club t\u00e9 un Compliance Officer.b.iv. Canal de den\u00fancies davant incompliments legals, reglamentaris, estatutaris i\/o del codi \u00e8tic: cumplimiento@villarrealcf.esb.v. El Club no est\u00e0 immers en cap mena de procediment dels esmentats en la Llei concursal.b.vi. Informaci\u00f3 b\u00e0sica dels equips del Club. veure document","headings":[],"texts":[{"type":"text","widget":"text-editor","text":"Informaci\u00f3 sobre el Cluba. Informaci\u00f3 sobre \u00f2rgans directius i el personal del Cluba.i. Contacte:a.i.1. Direccions d\u2019email gen\u00e8riques per a dirigir-se a Presid\u00e8ncia, Futbol, M\u00e0rqueting, Manteniment i administraci\u00f3. a.i.2. Dades generals del Club.a.ii. Juntes generals celebrades durant la present temporadaa.ii.1. Junta General del 15-12-25:S\u2019aproven els comptes de la temporada 24\/25.S\u2019aprova el pressupost de la temporada 25\/26.Es cessen i nomenen els membres del Consell d\u2019Administraci\u00f3.Es modifiquen estatuts socials.a.iii. Organigrama del Club:a.iii.1. Organigrama.b. Marc legal, estructura organitzativa i patrimoni del Clubb.i. Normativa legal, institucional i estatut\u00e0ria:b.i.1. Estatuts Club veure document b.i.2. Llei 10\/1990, de 15 d\u2019octubre, de l\u2019Esport \u2013estatal-, articles 12 a 29).b.i.3. Llei 2\/2011 del 22 de mar\u00e7 de la Comunitat Valenciana.b.i.4. Reial decret 177\/1981, de 16 de gener (Clubs).b.i.5. Reial decret 1251\/1999, de 16 de juliol sobre societats an\u00f2nimes esportives.b.i.6. Reglament LaLiga de Futbol Professional: Web LaLiga.b.i.7. Reglament intern esportiu. veure document b.i.8. Reglament intern abonats i acc\u00e9s instal\u00b7lacions esportives. veure documentb.ii. Codi \u00e8tic: veure documentb.iii. El Club compta amb un \u00d2rgan de supervisi\u00f3 i control; aix\u00ed mateix, el Club t\u00e9 un Compliance Officer.b.iv. Canal de den\u00fancies davant incompliments legals, reglamentaris, estatutaris i\/o del codi \u00e8tic: cumplimiento@villarrealcf.esb.v. El Club no est\u00e0 immers en cap mena de procediment dels esmentats en la Llei concursal.b.vi. Informaci\u00f3 b\u00e0sica dels equips del Club. veure document","paragraphs":[]}],"buttons":[],"images":[],"widgets":["text-editor"],"blocks":[{"type":"text","widget":"text-editor","text":"Informaci\u00f3 sobre el Cluba. Informaci\u00f3 sobre \u00f2rgans directius i el personal del Cluba.i. Contacte:a.i.1. Direccions d\u2019email gen\u00e8riques per a dirigir-se a Presid\u00e8ncia, Futbol, M\u00e0rqueting, Manteniment i administraci\u00f3. a.i.2. Dades generals del Club.a.ii. Juntes generals celebrades durant la present temporadaa.ii.1. Junta General del 15-12-25:S\u2019aproven els comptes de la temporada 24\/25.S\u2019aprova el pressupost de la temporada 25\/26.Es cessen i nomenen els membres del Consell d\u2019Administraci\u00f3.Es modifiquen estatuts socials.a.iii. Organigrama del Club:a.iii.1. Organigrama.b. Marc legal, estructura organitzativa i patrimoni del Clubb.i. Normativa legal, institucional i estatut\u00e0ria:b.i.1. Estatuts Club veure document b.i.2. Llei 10\/1990, de 15 d\u2019octubre, de l\u2019Esport \u2013estatal-, articles 12 a 29).b.i.3. Llei 2\/2011 del 22 de mar\u00e7 de la Comunitat Valenciana.b.i.4. Reial decret 177\/1981, de 16 de gener (Clubs).b.i.5. Reial decret 1251\/1999, de 16 de juliol sobre societats an\u00f2nimes esportives.b.i.6. Reglament LaLiga de Futbol Professional: Web LaLiga.b.i.7. Reglament intern esportiu. veure document b.i.8. Reglament intern abonats i acc\u00e9s instal\u00b7lacions esportives. veure documentb.ii. Codi \u00e8tic: veure documentb.iii. El Club compta amb un \u00d2rgan de supervisi\u00f3 i control; aix\u00ed mateix, el Club t\u00e9 un Compliance Officer.b.iv. Canal de den\u00fancies davant incompliments legals, reglamentaris, estatutaris i\/o del codi \u00e8tic: cumplimiento@villarrealcf.esb.v. El Club no est\u00e0 immers en cap mena de procediment dels esmentats en la Llei concursal.b.vi. Informaci\u00f3 b\u00e0sica dels equips del Club. veure document","paragraphs":[]}],"children":[]}},"sections":[{"id":"b0c7d53","title":"Direccions d\u2019email gen\u00e8riques per a dirigir-se a Presid\u00e8ncia, Futbol, M\u00e0rqueting, Manteniment i administraci\u00f3","text":"Informaci\u00f3 sobre el Cluba. Informaci\u00f3 sobre \u00f2rgans directius i el personal del Cluba.i. Contacte:a.i.1. Direccions d\u2019email gen\u00e8riques per a dirigir-se a Presid\u00e8ncia, Futbol, M\u00e0rqueting, Manteniment i administraci\u00f3. a.i.2. Dades generals del Club.a.ii. Juntes generals celebrades durant la present temporadaa.ii.1. Junta General del 15-12-25:S\u2019aproven els comptes de la temporada 24\/25.S\u2019aprova el pressupost de la temporada 25\/26.Es cessen i nomenen els membres del Consell d\u2019Administraci\u00f3.Es modifiquen estatuts socials.a.iii. Organigrama del Club:a.iii.1. Organigrama.b. Marc legal, estructura organitzativa i patrimoni del Clubb.i. Normativa legal, institucional i estatut\u00e0ria:b.i.1. Estatuts Club veure document b.i.2. Llei 10\/1990, de 15 d\u2019octubre, de l\u2019Esport \u2013estatal-, articles 12 a 29).b.i.3. Llei 2\/2011 del 22 de mar\u00e7 de la Comunitat Valenciana.b.i.4. Reial decret 177\/1981, de 16 de gener (Clubs).b.i.5. Reial decret 1251\/1999, de 16 de juliol sobre societats an\u00f2nimes esportives.b.i.6. Reglament LaLiga de Futbol Professional: Web LaLiga.b.i.7. Reglament intern esportiu. veure document b.i.8. Reglament intern abonats i acc\u00e9s instal\u00b7lacions esportives. veure documentb.ii. Codi \u00e8tic: veure documentb.iii. El Club compta amb un \u00d2rgan de supervisi\u00f3 i control; aix\u00ed mateix, el Club t\u00e9 un Compliance Officer.b.iv. Canal de den\u00fancies davant incompliments legals, reglamentaris, estatutaris i\/o del codi \u00e8tic: cumplimiento@villarrealcf.esb.v. El Club no est\u00e0 immers en cap mena de procediment dels esmentats en la Llei concursal.b.vi. Informaci\u00f3 b\u00e0sica dels equips del Club. veure document","url":"https:\/\/villarrealcf.es\/val\/formulario-contacto\/","background_image":"","images":[],"videos":[],"links":[{"url":"https:\/\/villarrealcf.es\/val\/formulario-contacto\/","text":"Direccions d\u2019email gen\u00e8riques per a dirigir-se a Presid\u00e8ncia, Futbol, M\u00e0rqueting, Manteniment i administraci\u00f3","target":""},{"url":"https:\/\/villarrealcf.es\/val\/datos-del-club\/","text":"Dades generals del Club.","target":""},{"url":"https:\/\/villarrealcf.es\/val\/consejo-administracion\/","text":"Organigrama.","target":""},{"url":"https:\/\/villarrealcf.es\/wp-content\/uploads\/2026\/02\/b.i.1-Estatutos-del-Club.pdf","text":"veure document","target":""},{"url":"https:\/\/www.laliga.com\/","text":"Web LaLiga","target":"_blank"},{"url":"https:\/\/villarrealcf.es\/wp-content\/uploads\/2021\/12\/1.b.i.7-Reglamento-Interno-deportivo.pdf","text":"veure document","target":""},{"url":"https:\/\/villarrealcf.es\/wp-content\/uploads\/2021\/12\/1.b.i.8-Reglamento-abonados-e-instalaciones.pdf","text":"veure document","target":""},{"url":"https:\/\/villarrealcf.es\/wp-content\/uploads\/2021\/12\/1.b.i.2-Codigo-etico-Villarreal-CF.pdf","text":"veure document","target":""},{"url":"mailto:cumplimiento@villarrealcf.es","text":"cumplimiento@villarrealcf.es","target":""},{"url":"http:\/\/b.vi\/","text":"b.vi","target":""},{"url":"https:\/\/villarrealcf.es\/wp-content\/uploads\/2026\/02\/1.b.vi-Equipos-25-26.pdf","text":"veure document","target":""}]}]},"excerpt":{"rendered":"Informaci\u00f3 sobre el Cluba. Informaci\u00f3 sobre \u00f2rgans directius i el personal del Cluba.i. Contacte:a.i.1.\u00a0Direccions d’email gen\u00e8riques per a dirigir-se a Presid\u00e8ncia, Futbol, M\u00e0rqueting, Manteniment i administraci\u00f3.\u00a0a.i.2.\u00a0Dades generals del Club.a.ii. Juntes generals celebrades durant la present temporadaa.ii.1. Junta General del 15-12-25:S’aproven els comptes de la temporada 24\/25.S’aprova el pressupost de la temporada 25\/26.Es cessen i nomenen","protected":false},"author":1,"featured_media":0,"parent":0,"menu_order":0,"comment_status":"closed","ping_status":"closed","template":"page-templates\/no-wrapper.php","meta":{"_acf_changed":false,"footnotes":""},"acf":null,"lang":"val","essential_grid":{"has_grid":false},"formatted_date":"August 27, 2021","modified_date":"February 11, 2026","permalink":"https:\/\/villarrealcf.es\/val\/informacion-sobre-el-club\/","reading_time":2,"featured_media_data":null,"author_data":{"id":"1","name":"root_envidea","first_name":"Villarreal CF","last_name":"","description":"","avatar_url":"https:\/\/secure.gravatar.com\/avatar\/48f95f42a3ccc324f3a3458e4b9e6fb070b083e99d388e170c1afb061fa99b63?s=96&d=mm&r=g","acf":null},"taxonomies_data":{"translation_priority":[{"id":735,"name":"Optional","slug":"optional-val","acf":null}]},"seo_full":{"native":{"title":"Informaci\u00f3 sobre el Club - Web Oficial del Villarreal CF","description":"Informaci\u00f3 sobre el Cluba. Informaci\u00f3 sobre \u00f2rgans directius i el personal del Cluba.i. Contacte:a.i.1.\u00a0Direccions d'email gen\u00e8riques per a dirigir-se a…","canonical":"https:\/\/villarrealcf.es\/val\/informacion-sobre-el-club\/"}},"_links":{"self":[{"href":"https:\/\/villarrealcf.es\/val\/wp-json\/wp\/v2\/pages\/63459","targetHints":{"allow":["GET"]}}],"collection":[{"href":"https:\/\/villarrealcf.es\/val\/wp-json\/wp\/v2\/pages"}],"about":[{"href":"https:\/\/villarrealcf.es\/val\/wp-json\/wp\/v2\/types\/page"}],"author":[{"embeddable":true,"href":"https:\/\/villarrealcf.es\/val\/wp-json\/wp\/v2\/users\/1"}],"replies":[{"embeddable":true,"href":"https:\/\/villarrealcf.es\/val\/wp-json\/wp\/v2\/comments?post=63459"}],"version-history":[{"count":4,"href":"https:\/\/villarrealcf.es\/val\/wp-json\/wp\/v2\/pages\/63459\/revisions"}],"predecessor-version":[{"id":621013,"href":"https:\/\/villarrealcf.es\/val\/wp-json\/wp\/v2\/pages\/63459\/revisions\/621013"}],"wp:attachment":[{"href":"https:\/\/villarrealcf.es\/val\/wp-json\/wp\/v2\/media?parent=63459"}],"curies":[{"name":"wp","href":"https:\/\/api.w.org\/{rel}","templated":true}]}}