{"id":78556,"date":"2022-06-21T09:05:16","date_gmt":"2022-06-21T07:05:16","guid":{"rendered":"https:\/\/villarrealcf.es\/\/clasificacion-villarreal-femenino\/"},"modified":"2024-08-08T11:54:30","modified_gmt":"2024-08-08T09:54:30","slug":"clasificacion-villarreal-femenino","status":"publish","type":"page","link":"https:\/\/villarrealcf.es\/en\/clasificacion-villarreal-femenino\/","title":{"rendered":"Villarreal Women Classification"},"content":{"protected":false,"blocks":[{"type":"heading","widget":"heading","level":2,"text":"PRIMERA DIVISI\u00d3N FEMENINA"}],"structured":{"summary":{"text":"PRIMERA DIVISI\u00d3N FEMENINA","headings":[{"type":"heading","widget":"heading","level":2,"text":"PRIMERA DIVISI\u00d3N FEMENINA"}],"buttons":[],"images":[],"counts":{"blocks":1,"headings":1,"texts":0,"buttons":0,"images":0},"containers":1},"sections":[{"id":"622402b","type":"container","classes":["elementor-section","elementor-top-section","elementor-element","elementor-element-622402b","elementor-section-boxed","elementor-section-height-default"],"title":"PRIMERA DIVISI\u00d3N FEMENINA","text":"PRIMERA DIVISI\u00d3N FEMENINA","headings":[{"type":"heading","widget":"heading","level":2,"text":"PRIMERA DIVISI\u00d3N FEMENINA"}],"texts":[],"buttons":[],"images":[],"widgets":["heading"],"blocks":[{"type":"heading","widget":"heading","level":2,"text":"PRIMERA DIVISI\u00d3N FEMENINA"}],"children":[]}],"hero":{"id":"622402b","type":"container","classes":["elementor-section","elementor-top-section","elementor-element","elementor-element-622402b","elementor-section-boxed","elementor-section-height-default"],"title":"PRIMERA DIVISI\u00d3N FEMENINA","text":"PRIMERA DIVISI\u00d3N FEMENINA","headings":[{"type":"heading","widget":"heading","level":2,"text":"PRIMERA DIVISI\u00d3N FEMENINA"}],"texts":[],"buttons":[],"images":[],"widgets":["heading"],"blocks":[{"type":"heading","widget":"heading","level":2,"text":"PRIMERA DIVISI\u00d3N FEMENINA"}],"children":[]}},"sections":[{"id":"622402b","title":"PRIMERA DIVISI\u00d3N FEMENINA","text":"PRIMERA DIVISI\u00d3N FEMENINA","url":"","background_image":"","images":[],"videos":[{"url":"https:\/\/widgets.besoccerapps.com\/scripts\/widgets?type=clasification&competition=282&show_title=0&season=2023&featured=Villarreal CF Fem&style=villarreal","poster":"","kind":"iframe"}],"links":[]}]},"excerpt":{"rendered":"PRIMERA DIVISI\u00d3N FEMENINA","protected":false},"author":1,"featured_media":0,"parent":0,"menu_order":0,"comment_status":"closed","ping_status":"closed","template":"page-templates\/no-wrapper.php","meta":{"_acf_changed":false,"footnotes":""},"acf":null,"lang":"en","essential_grid":{"has_grid":false},"formatted_date":"June 21, 2022","modified_date":"August 8, 2024","permalink":"https:\/\/villarrealcf.es\/en\/clasificacion-villarreal-femenino\/","reading_time":1,"featured_media_data":null,"author_data":{"id":"1","name":"root_envidea","first_name":"Villarreal CF","last_name":"","description":"","avatar_url":"https:\/\/secure.gravatar.com\/avatar\/48f95f42a3ccc324f3a3458e4b9e6fb070b083e99d388e170c1afb061fa99b63?s=96&d=mm&r=g","acf":null},"taxonomies_data":{"translation_priority":[{"id":743,"name":"Optional","slug":"optional-en-2","acf":null}]},"seo_full":{"native":{"title":"Villarreal Women Classification - Web Oficial del Villarreal CF","description":"PRIMERA DIVISI\u00d3N FEMENINA","canonical":"https:\/\/villarrealcf.es\/en\/clasificacion-villarreal-femenino\/"}},"_links":{"self":[{"href":"https:\/\/villarrealcf.es\/en\/wp-json\/wp\/v2\/pages\/78556","targetHints":{"allow":["GET"]}}],"collection":[{"href":"https:\/\/villarrealcf.es\/en\/wp-json\/wp\/v2\/pages"}],"about":[{"href":"https:\/\/villarrealcf.es\/en\/wp-json\/wp\/v2\/types\/page"}],"author":[{"embeddable":true,"href":"https:\/\/villarrealcf.es\/en\/wp-json\/wp\/v2\/users\/1"}],"replies":[{"embeddable":true,"href":"https:\/\/villarrealcf.es\/en\/wp-json\/wp\/v2\/comments?post=78556"}],"version-history":[{"count":0,"href":"https:\/\/villarrealcf.es\/en\/wp-json\/wp\/v2\/pages\/78556\/revisions"}],"wp:attachment":[{"href":"https:\/\/villarrealcf.es\/en\/wp-json\/wp\/v2\/media?parent=78556"}],"curies":[{"name":"wp","href":"https:\/\/api.w.org\/{rel}","templated":true}]}}