{"id":302837,"date":"2024-04-08T12:49:37","date_gmt":"2024-04-08T10:49:37","guid":{"rendered":"https:\/\/villarrealcf.es\/cantera-grogueta\/alevin-b\/"},"modified":"2026-01-07T12:29:58","modified_gmt":"2026-01-07T11:29:58","slug":"alevin-b","status":"publish","type":"page","link":"https:\/\/villarrealcf.es\/en\/cantera-grogueta\/alevin-b\/","title":{"rendered":"Alev\u00edn B"},"content":{"protected":false,"blocks":[{"type":"image","widget":"image","url":"https:\/\/villarrealcf.es\/wp-content\/uploads\/2025\/12\/Alevin-B.webp","alt":"","width":2835,"height":1890,"srcset":"https:\/\/villarrealcf.es\/wp-content\/uploads\/2025\/12\/Alevin-B.webp 2835w, https:\/\/villarrealcf.es\/wp-content\/uploads\/2025\/12\/Alevin-B-1620x1080.webp 1620w, https:\/\/villarrealcf.es\/wp-content\/uploads\/2025\/12\/Alevin-B.webp 1920w, https:\/\/villarrealcf.es\/wp-content\/uploads\/2025\/12\/Alevin-B-1536x1024.webp 1536w, https:\/\/villarrealcf.es\/wp-content\/uploads\/2025\/12\/Alevin-B-2048x1365.webp 2048w, https:\/\/villarrealcf.es\/wp-content\/uploads\/2025\/12\/Alevin-B.webp 1920w, https:\/\/villarrealcf.es\/wp-content\/uploads\/2025\/12\/Alevin-B.webp 1920w, https:\/\/villarrealcf.es\/wp-content\/uploads\/2025\/12\/Alevin-B-32x21.webp 32w, https:\/\/villarrealcf.es\/wp-content\/uploads\/2025\/12\/Alevin-B-150x100.webp 150w, https:\/\/villarrealcf.es\/wp-content\/uploads\/2025\/12\/Alevin-B.webp 1920w, https:\/\/villarrealcf.es\/wp-content\/uploads\/2025\/12\/Alevin-B-1200x800.webp 1200w","sizes":"auto, (max-width: 2835px) 100vw, 2835px"},{"type":"text","widget":"text-editor","text":"Fila superior: H\u00e9ctor Mu\u00f1oz (*), Adri\u00e1n Badenas (*), Thiago C\u00e1mara, Gerard Gonz\u00e1lez, Lucas Heredia, Abraham Riaza, Xavi Pur\u00f3n, Arturo Ortiz, Fernando Roig (presidente), Sergio P\u00e9rez (*) e Iv\u00e1n Gil (*).Fila Inferior: Erik Cristian, George Matei, Mart\u00edn Ferrer, Pablo Elvira, Marc Almero, David Blanco y Leo Ismael.","paragraphs":["Fila superior: H\u00e9ctor Mu\u00f1oz (*), Adri\u00e1n Badenas (*), Thiago C\u00e1mara, Gerard Gonz\u00e1lez, Lucas Heredia, Abraham Riaza, Xavi Pur\u00f3n, Arturo Ortiz, Fernando Roig (presidente), Sergio P\u00e9rez (*) e Iv\u00e1n Gil (*).","Fila Inferior: Erik Cristian, George Matei, Mart\u00edn Ferrer, Pablo Elvira, Marc Almero, David Blanco y Leo Ismael."]}],"structured":{"summary":{"text":"Fila superior: H\u00e9ctor Mu\u00f1oz (*), Adri\u00e1n Badenas (*), Thiago C\u00e1mara, Gerard Gonz\u00e1lez, Lucas Heredia, Abraham Riaza, Xavi Pur\u00f3n, Arturo Ortiz, Fernando Roig (presidente), Sergio P\u00e9rez (*) e Iv\u00e1n Gil (*).Fila Inferior: Erik Cristian, George Matei, Mart\u00edn Ferrer, Pablo Elvira, Marc Almero, David Blanco y Leo Ismael.","headings":[],"buttons":[],"images":[{"type":"image","widget":"image","url":"https:\/\/villarrealcf.es\/wp-content\/uploads\/2025\/12\/Alevin-B.webp","alt":"","width":2835,"height":1890,"srcset":"https:\/\/villarrealcf.es\/wp-content\/uploads\/2025\/12\/Alevin-B.webp 2835w, https:\/\/villarrealcf.es\/wp-content\/uploads\/2025\/12\/Alevin-B-1620x1080.webp 1620w, https:\/\/villarrealcf.es\/wp-content\/uploads\/2025\/12\/Alevin-B.webp 1920w, https:\/\/villarrealcf.es\/wp-content\/uploads\/2025\/12\/Alevin-B-1536x1024.webp 1536w, https:\/\/villarrealcf.es\/wp-content\/uploads\/2025\/12\/Alevin-B-2048x1365.webp 2048w, https:\/\/villarrealcf.es\/wp-content\/uploads\/2025\/12\/Alevin-B.webp 1920w, https:\/\/villarrealcf.es\/wp-content\/uploads\/2025\/12\/Alevin-B.webp 1920w, https:\/\/villarrealcf.es\/wp-content\/uploads\/2025\/12\/Alevin-B-32x21.webp 32w, https:\/\/villarrealcf.es\/wp-content\/uploads\/2025\/12\/Alevin-B-150x100.webp 150w, https:\/\/villarrealcf.es\/wp-content\/uploads\/2025\/12\/Alevin-B.webp 1920w, https:\/\/villarrealcf.es\/wp-content\/uploads\/2025\/12\/Alevin-B-1200x800.webp 1200w","sizes":"auto, (max-width: 2835px) 100vw, 2835px"}],"counts":{"blocks":2,"headings":0,"texts":1,"buttons":0,"images":1},"containers":1},"sections":[{"id":"922e599","type":"container","classes":["elementor-section","elementor-top-section","elementor-element","elementor-element-922e599","elementor-section-stretched","elementor-section-boxed","elementor-section-height-default"],"title":"","text":"Fila superior: H\u00e9ctor Mu\u00f1oz (*), Adri\u00e1n Badenas (*), Thiago C\u00e1mara, Gerard Gonz\u00e1lez, Lucas Heredia, Abraham Riaza, Xavi Pur\u00f3n, Arturo Ortiz, Fernando Roig (presidente), Sergio P\u00e9rez (*) e Iv\u00e1n Gil (*).Fila Inferior: Erik Cristian, George Matei, Mart\u00edn Ferrer, Pablo Elvira, Marc Almero, David Blanco y Leo Ismael.","headings":[],"texts":[{"type":"text","widget":"text-editor","text":"Fila superior: H\u00e9ctor Mu\u00f1oz (*), Adri\u00e1n Badenas (*), Thiago C\u00e1mara, Gerard Gonz\u00e1lez, Lucas Heredia, Abraham Riaza, Xavi Pur\u00f3n, Arturo Ortiz, Fernando Roig (presidente), Sergio P\u00e9rez (*) e Iv\u00e1n Gil (*).Fila Inferior: Erik Cristian, George Matei, Mart\u00edn Ferrer, Pablo Elvira, Marc Almero, David Blanco y Leo Ismael.","paragraphs":["Fila superior: H\u00e9ctor Mu\u00f1oz (*), Adri\u00e1n Badenas (*), Thiago C\u00e1mara, Gerard Gonz\u00e1lez, Lucas Heredia, Abraham Riaza, Xavi Pur\u00f3n, Arturo Ortiz, Fernando Roig (presidente), Sergio P\u00e9rez (*) e Iv\u00e1n Gil (*).","Fila Inferior: Erik Cristian, George Matei, Mart\u00edn Ferrer, Pablo Elvira, Marc Almero, David Blanco y Leo Ismael."]}],"buttons":[],"images":[{"type":"image","widget":"image","url":"https:\/\/villarrealcf.es\/wp-content\/uploads\/2025\/12\/Alevin-B.webp","alt":"","width":2835,"height":1890,"srcset":"https:\/\/villarrealcf.es\/wp-content\/uploads\/2025\/12\/Alevin-B.webp 2835w, https:\/\/villarrealcf.es\/wp-content\/uploads\/2025\/12\/Alevin-B-1620x1080.webp 1620w, https:\/\/villarrealcf.es\/wp-content\/uploads\/2025\/12\/Alevin-B.webp 1920w, https:\/\/villarrealcf.es\/wp-content\/uploads\/2025\/12\/Alevin-B-1536x1024.webp 1536w, https:\/\/villarrealcf.es\/wp-content\/uploads\/2025\/12\/Alevin-B-2048x1365.webp 2048w, https:\/\/villarrealcf.es\/wp-content\/uploads\/2025\/12\/Alevin-B.webp 1920w, https:\/\/villarrealcf.es\/wp-content\/uploads\/2025\/12\/Alevin-B.webp 1920w, https:\/\/villarrealcf.es\/wp-content\/uploads\/2025\/12\/Alevin-B-32x21.webp 32w, https:\/\/villarrealcf.es\/wp-content\/uploads\/2025\/12\/Alevin-B-150x100.webp 150w, https:\/\/villarrealcf.es\/wp-content\/uploads\/2025\/12\/Alevin-B.webp 1920w, https:\/\/villarrealcf.es\/wp-content\/uploads\/2025\/12\/Alevin-B-1200x800.webp 1200w","sizes":"auto, (max-width: 2835px) 100vw, 2835px"}],"widgets":["image","text-editor"],"blocks":[{"type":"image","widget":"image","url":"https:\/\/villarrealcf.es\/wp-content\/uploads\/2025\/12\/Alevin-B.webp","alt":"","width":2835,"height":1890,"srcset":"https:\/\/villarrealcf.es\/wp-content\/uploads\/2025\/12\/Alevin-B.webp 2835w, https:\/\/villarrealcf.es\/wp-content\/uploads\/2025\/12\/Alevin-B-1620x1080.webp 1620w, https:\/\/villarrealcf.es\/wp-content\/uploads\/2025\/12\/Alevin-B.webp 1920w, https:\/\/villarrealcf.es\/wp-content\/uploads\/2025\/12\/Alevin-B-1536x1024.webp 1536w, https:\/\/villarrealcf.es\/wp-content\/uploads\/2025\/12\/Alevin-B-2048x1365.webp 2048w, https:\/\/villarrealcf.es\/wp-content\/uploads\/2025\/12\/Alevin-B.webp 1920w, https:\/\/villarrealcf.es\/wp-content\/uploads\/2025\/12\/Alevin-B.webp 1920w, https:\/\/villarrealcf.es\/wp-content\/uploads\/2025\/12\/Alevin-B-32x21.webp 32w, https:\/\/villarrealcf.es\/wp-content\/uploads\/2025\/12\/Alevin-B-150x100.webp 150w, https:\/\/villarrealcf.es\/wp-content\/uploads\/2025\/12\/Alevin-B.webp 1920w, https:\/\/villarrealcf.es\/wp-content\/uploads\/2025\/12\/Alevin-B-1200x800.webp 1200w","sizes":"auto, (max-width: 2835px) 100vw, 2835px"},{"type":"text","widget":"text-editor","text":"Fila superior: H\u00e9ctor Mu\u00f1oz (*), Adri\u00e1n Badenas (*), Thiago C\u00e1mara, Gerard Gonz\u00e1lez, Lucas Heredia, Abraham Riaza, Xavi Pur\u00f3n, Arturo Ortiz, Fernando Roig (presidente), Sergio P\u00e9rez (*) e Iv\u00e1n Gil (*).Fila Inferior: Erik Cristian, George Matei, Mart\u00edn Ferrer, Pablo Elvira, Marc Almero, David Blanco y Leo Ismael.","paragraphs":["Fila superior: H\u00e9ctor Mu\u00f1oz (*), Adri\u00e1n Badenas (*), Thiago C\u00e1mara, Gerard Gonz\u00e1lez, Lucas Heredia, Abraham Riaza, Xavi Pur\u00f3n, Arturo Ortiz, Fernando Roig (presidente), Sergio P\u00e9rez (*) e Iv\u00e1n Gil (*).","Fila Inferior: Erik Cristian, George Matei, Mart\u00edn Ferrer, Pablo Elvira, Marc Almero, David Blanco y Leo Ismael."]}],"children":[]}],"hero":{"id":"922e599","type":"container","classes":["elementor-section","elementor-top-section","elementor-element","elementor-element-922e599","elementor-section-stretched","elementor-section-boxed","elementor-section-height-default"],"title":"","text":"Fila superior: H\u00e9ctor Mu\u00f1oz (*), Adri\u00e1n Badenas (*), Thiago C\u00e1mara, Gerard Gonz\u00e1lez, Lucas Heredia, Abraham Riaza, Xavi Pur\u00f3n, Arturo Ortiz, Fernando Roig (presidente), Sergio P\u00e9rez (*) e Iv\u00e1n Gil (*).Fila Inferior: Erik Cristian, George Matei, Mart\u00edn Ferrer, Pablo Elvira, Marc Almero, David Blanco y Leo Ismael.","headings":[],"texts":[{"type":"text","widget":"text-editor","text":"Fila superior: H\u00e9ctor Mu\u00f1oz (*), Adri\u00e1n Badenas (*), Thiago C\u00e1mara, Gerard Gonz\u00e1lez, Lucas Heredia, Abraham Riaza, Xavi Pur\u00f3n, Arturo Ortiz, Fernando Roig (presidente), Sergio P\u00e9rez (*) e Iv\u00e1n Gil (*).Fila Inferior: Erik Cristian, George Matei, Mart\u00edn Ferrer, Pablo Elvira, Marc Almero, David Blanco y Leo Ismael.","paragraphs":["Fila superior: H\u00e9ctor Mu\u00f1oz (*), Adri\u00e1n Badenas (*), Thiago C\u00e1mara, Gerard Gonz\u00e1lez, Lucas Heredia, Abraham Riaza, Xavi Pur\u00f3n, Arturo Ortiz, Fernando Roig (presidente), Sergio P\u00e9rez (*) e Iv\u00e1n Gil (*).","Fila Inferior: Erik Cristian, George Matei, Mart\u00edn Ferrer, Pablo Elvira, Marc Almero, David Blanco y Leo Ismael."]}],"buttons":[],"images":[{"type":"image","widget":"image","url":"https:\/\/villarrealcf.es\/wp-content\/uploads\/2025\/12\/Alevin-B.webp","alt":"","width":2835,"height":1890,"srcset":"https:\/\/villarrealcf.es\/wp-content\/uploads\/2025\/12\/Alevin-B.webp 2835w, https:\/\/villarrealcf.es\/wp-content\/uploads\/2025\/12\/Alevin-B-1620x1080.webp 1620w, https:\/\/villarrealcf.es\/wp-content\/uploads\/2025\/12\/Alevin-B.webp 1920w, https:\/\/villarrealcf.es\/wp-content\/uploads\/2025\/12\/Alevin-B-1536x1024.webp 1536w, https:\/\/villarrealcf.es\/wp-content\/uploads\/2025\/12\/Alevin-B-2048x1365.webp 2048w, https:\/\/villarrealcf.es\/wp-content\/uploads\/2025\/12\/Alevin-B.webp 1920w, https:\/\/villarrealcf.es\/wp-content\/uploads\/2025\/12\/Alevin-B.webp 1920w, https:\/\/villarrealcf.es\/wp-content\/uploads\/2025\/12\/Alevin-B-32x21.webp 32w, https:\/\/villarrealcf.es\/wp-content\/uploads\/2025\/12\/Alevin-B-150x100.webp 150w, https:\/\/villarrealcf.es\/wp-content\/uploads\/2025\/12\/Alevin-B.webp 1920w, https:\/\/villarrealcf.es\/wp-content\/uploads\/2025\/12\/Alevin-B-1200x800.webp 1200w","sizes":"auto, (max-width: 2835px) 100vw, 2835px"}],"widgets":["image","text-editor"],"blocks":[{"type":"image","widget":"image","url":"https:\/\/villarrealcf.es\/wp-content\/uploads\/2025\/12\/Alevin-B.webp","alt":"","width":2835,"height":1890,"srcset":"https:\/\/villarrealcf.es\/wp-content\/uploads\/2025\/12\/Alevin-B.webp 2835w, https:\/\/villarrealcf.es\/wp-content\/uploads\/2025\/12\/Alevin-B-1620x1080.webp 1620w, https:\/\/villarrealcf.es\/wp-content\/uploads\/2025\/12\/Alevin-B.webp 1920w, https:\/\/villarrealcf.es\/wp-content\/uploads\/2025\/12\/Alevin-B-1536x1024.webp 1536w, https:\/\/villarrealcf.es\/wp-content\/uploads\/2025\/12\/Alevin-B-2048x1365.webp 2048w, https:\/\/villarrealcf.es\/wp-content\/uploads\/2025\/12\/Alevin-B.webp 1920w, https:\/\/villarrealcf.es\/wp-content\/uploads\/2025\/12\/Alevin-B.webp 1920w, https:\/\/villarrealcf.es\/wp-content\/uploads\/2025\/12\/Alevin-B-32x21.webp 32w, https:\/\/villarrealcf.es\/wp-content\/uploads\/2025\/12\/Alevin-B-150x100.webp 150w, https:\/\/villarrealcf.es\/wp-content\/uploads\/2025\/12\/Alevin-B.webp 1920w, https:\/\/villarrealcf.es\/wp-content\/uploads\/2025\/12\/Alevin-B-1200x800.webp 1200w","sizes":"auto, (max-width: 2835px) 100vw, 2835px"},{"type":"text","widget":"text-editor","text":"Fila superior: H\u00e9ctor Mu\u00f1oz (*), Adri\u00e1n Badenas (*), Thiago C\u00e1mara, Gerard Gonz\u00e1lez, Lucas Heredia, Abraham Riaza, Xavi Pur\u00f3n, Arturo Ortiz, Fernando Roig (presidente), Sergio P\u00e9rez (*) e Iv\u00e1n Gil (*).Fila Inferior: Erik Cristian, George Matei, Mart\u00edn Ferrer, Pablo Elvira, Marc Almero, David Blanco y Leo Ismael.","paragraphs":["Fila superior: H\u00e9ctor Mu\u00f1oz (*), Adri\u00e1n Badenas (*), Thiago C\u00e1mara, Gerard Gonz\u00e1lez, Lucas Heredia, Abraham Riaza, Xavi Pur\u00f3n, Arturo Ortiz, Fernando Roig (presidente), Sergio P\u00e9rez (*) e Iv\u00e1n Gil (*).","Fila Inferior: Erik Cristian, George Matei, Mart\u00edn Ferrer, Pablo Elvira, Marc Almero, David Blanco y Leo Ismael."]}],"children":[]}},"sections":[{"id":"922e599","title":"Fila superior: H\u00e9ctor Mu\u00f1oz (*), Adri\u00e1n Badenas (*), Thiago C\u00e1mara, Gerard Gonz\u00e1lez, Lucas Heredia, Abraham Riaza, Xavi Pur\u00f3n, Arturo Ortiz, Fernando Roig (presidente), Sergio P\u00e9rez (*) e Iv\u00e1n Gil (*).Fila Inferior: Erik Cristian, George Matei, Mart\u00edn Ferrer, Pablo Elvira, Marc Almero, David Blanco y Leo Ismael.","text":"Fila superior: H\u00e9ctor Mu\u00f1oz (*), Adri\u00e1n Badenas (*), Thiago C\u00e1mara, Gerard Gonz\u00e1lez, Lucas Heredia, Abraham Riaza, Xavi Pur\u00f3n, Arturo Ortiz, Fernando Roig (presidente), Sergio P\u00e9rez (*) e Iv\u00e1n Gil (*).Fila Inferior: Erik Cristian, George Matei, Mart\u00edn Ferrer, Pablo Elvira, Marc Almero, David Blanco y Leo Ismael.","url":"","background_image":"","images":[{"url":"https:\/\/villarrealcf.es\/wp-content\/uploads\/2025\/12\/Alevin-B.webp","alt":"","width":2835,"height":1890}],"videos":[],"links":[]}]},"excerpt":{"rendered":"Fila superior: H\u00e9ctor Mu\u00f1oz (*), Adri\u00e1n Badenas (*), Thiago C\u00e1mara, Gerard Gonz\u00e1lez, Lucas Heredia, Abraham Riaza, Xavi Pur\u00f3n, Arturo Ortiz, Fernando Roig (presidente), Sergio P\u00e9rez (*) e Iv\u00e1n Gil (*).Fila Inferior: Erik Cristian, George Matei, Mart\u00edn Ferrer, Pablo Elvira, Marc Almero, David Blanco y Leo Ismael.","protected":false},"author":1,"featured_media":0,"parent":240505,"menu_order":0,"comment_status":"closed","ping_status":"closed","template":"page-templates\/no-wrapper.php","meta":{"_acf_changed":false,"footnotes":""},"acf":null,"lang":"en","essential_grid":{"has_grid":false},"formatted_date":"April 8, 2024","modified_date":"January 7, 2026","permalink":"https:\/\/villarrealcf.es\/en\/cantera-grogueta\/alevin-b\/","reading_time":1,"featured_media_data":null,"author_data":{"id":"1","name":"root_envidea","first_name":"Villarreal CF","last_name":"","description":"","avatar_url":"https:\/\/secure.gravatar.com\/avatar\/48f95f42a3ccc324f3a3458e4b9e6fb070b083e99d388e170c1afb061fa99b63?s=96&d=mm&r=g","acf":null},"taxonomies_data":{"translation_priority":[{"id":734,"name":"Optional","slug":"optional-en","acf":null}]},"seo_full":{"native":{"title":"Alev\u00edn B - Web Oficial del Villarreal CF","description":"Fila superior: H\u00e9ctor Mu\u00f1oz (*), Adri\u00e1n Badenas (*), Thiago C\u00e1mara, Gerard Gonz\u00e1lez, Lucas Heredia, Abraham Riaza, Xavi Pur\u00f3n, Arturo Ortiz,…","canonical":"https:\/\/villarrealcf.es\/en\/cantera-grogueta\/alevin-b\/"}},"_links":{"self":[{"href":"https:\/\/villarrealcf.es\/en\/wp-json\/wp\/v2\/pages\/302837","targetHints":{"allow":["GET"]}}],"collection":[{"href":"https:\/\/villarrealcf.es\/en\/wp-json\/wp\/v2\/pages"}],"about":[{"href":"https:\/\/villarrealcf.es\/en\/wp-json\/wp\/v2\/types\/page"}],"author":[{"embeddable":true,"href":"https:\/\/villarrealcf.es\/en\/wp-json\/wp\/v2\/users\/1"}],"replies":[{"embeddable":true,"href":"https:\/\/villarrealcf.es\/en\/wp-json\/wp\/v2\/comments?post=302837"}],"version-history":[{"count":4,"href":"https:\/\/villarrealcf.es\/en\/wp-json\/wp\/v2\/pages\/302837\/revisions"}],"predecessor-version":[{"id":616480,"href":"https:\/\/villarrealcf.es\/en\/wp-json\/wp\/v2\/pages\/302837\/revisions\/616480"}],"up":[{"embeddable":true,"href":"https:\/\/villarrealcf.es\/en\/wp-json\/wp\/v2\/pages\/240505"}],"wp:attachment":[{"href":"https:\/\/villarrealcf.es\/en\/wp-json\/wp\/v2\/media?parent=302837"}],"curies":[{"name":"wp","href":"https:\/\/api.w.org\/{rel}","templated":true}]}}